{"id":281,"date":"2023-06-13T06:25:38","date_gmt":"2023-06-12T20:25:38","guid":{"rendered":"http:\/\/my.navegante.care\/lista-de-espera\/"},"modified":"2023-11-23T15:05:22","modified_gmt":"2023-11-23T05:05:22","slug":"lista-de-espera","status":"publish","type":"page","link":"https:\/\/mynavegante.care\/es\/lista-de-espera\/","title":{"rendered":"Contacte con nosotros"},"content":{"rendered":"<p>[et_pb_section fb_built=&#8221;1&#8243; _builder_version=&#8221;4.21.0&#8243; _module_preset=&#8221;default&#8221; custom_padding=&#8221;||3px|||&#8221; global_colors_info=&#8221;{}&#8221;][et_pb_row column_structure=&#8221;1_2,1_2&#8243; _builder_version=&#8221;4.21.0&#8243; _module_preset=&#8221;default&#8221; global_colors_info=&#8221;{}&#8221;][et_pb_column type=&#8221;1_2&#8243; _builder_version=&#8221;4.21.0&#8243; _module_preset=&#8221;default&#8221; global_colors_info=&#8221;{}&#8221;][et_pb_text _builder_version=&#8221;4.22.1&#8243; _module_preset=&#8221;default&#8221; header_font=&#8221;|700|||||||&#8221; header_text_align=&#8221;right&#8221; custom_margin=&#8221;||11px|||&#8221; header_text_align_tablet=&#8221;center&#8221; header_text_align_phone=&#8221;center&#8221; header_text_align_last_edited=&#8221;on|phone&#8221; global_colors_info=&#8221;{}&#8221;]<\/p>\n<h1 class=\"mt-4 mt-md-0 mb-3 h1\" role=\"heading\" aria-level=\"1\">Nos encantar\u00eda conocer su opini\u00f3n.<\/h1>\n<p>[\/et_pb_text][et_pb_text _builder_version=&#8221;4.22.1&#8243; _module_preset=&#8221;default&#8221; text_font_size=&#8221;17px&#8221; text_orientation=&#8221;right&#8221; text_orientation_tablet=&#8221;center&#8221; text_orientation_phone=&#8221;center&#8221; text_orientation_last_edited=&#8221;on|desktop&#8221; global_colors_info=&#8221;{}&#8221;]<\/p>\n<div class=\"elementor-element elementor-element-2e3c37e elementor-widget elementor-widget-text-editor\" data-id=\"2e3c37e\" data-element_type=\"widget\" data-widget_type=\"text-editor.default\">\n<div class=\"elementor-widget-container\">\n<p>P\u00f3ngase en contacto con nosotros para saber c\u00f3mo podemos hacer que nuestra IA y nuestros algoritmos predictivos trabajen para usted.<\/p>\n<\/div>\n<\/div>\n<p>[\/et_pb_text][\/et_pb_column][et_pb_column type=&#8221;1_2&#8243; _builder_version=&#8221;4.21.0&#8243; _module_preset=&#8221;default&#8221; global_colors_info=&#8221;{}&#8221;][et_pb_code _builder_version=&#8221;4.22.1&#8243; _module_preset=&#8221;default&#8221; hover_enabled=&#8221;0&#8243; global_colors_info=&#8221;{}&#8221; sticky_enabled=&#8221;0&#8243;]<script charset=\"utf-8\" type=\"text\/javascript\" src=\"\/\/js.hsforms.net\/forms\/embed\/v2.js\"><\/script><!-- [et_pb_line_break_holder] --><script><!-- [et_pb_line_break_holder] -->  hbspt.forms.create({<!-- [et_pb_line_break_holder] -->    region: \"na1\",<!-- [et_pb_line_break_holder] -->    portalId: \"43830786\",<!-- [et_pb_line_break_holder] -->    formId: \"0a3ffe39-ff66-4ee0-9e00-c22143365976\"<!-- [et_pb_line_break_holder] -->  });<!-- [et_pb_line_break_holder] --><\/script>[\/et_pb_code][\/et_pb_column][\/et_pb_row][\/et_pb_section][et_pb_section fb_built=&#8221;1&#8243; fullwidth=&#8221;on&#8221; theme_builder_area=&#8221;post_content&#8221; _builder_version=&#8221;4.22.1&#8243; _module_preset=&#8221;default&#8221;][\/et_pb_section]<\/p>\n","protected":false},"excerpt":{"rendered":"<p>Nos encantar\u00eda conocer su opini\u00f3n. P\u00f3ngase en contacto con nosotros para saber c\u00f3mo podemos hacer que nuestra IA y nuestros algoritmos predictivos trabajen para usted.<\/p>\n","protected":false},"author":1,"featured_media":0,"parent":0,"menu_order":0,"comment_status":"closed","ping_status":"closed","template":"","meta":{"_et_pb_use_builder":"on","_et_pb_old_content":"","_et_gb_content_width":"","content-type":"","footnotes":""},"_links":{"self":[{"href":"https:\/\/mynavegante.care\/es\/wp-json\/wp\/v2\/pages\/281"}],"collection":[{"href":"https:\/\/mynavegante.care\/es\/wp-json\/wp\/v2\/pages"}],"about":[{"href":"https:\/\/mynavegante.care\/es\/wp-json\/wp\/v2\/types\/page"}],"author":[{"embeddable":true,"href":"https:\/\/mynavegante.care\/es\/wp-json\/wp\/v2\/users\/1"}],"replies":[{"embeddable":true,"href":"https:\/\/mynavegante.care\/es\/wp-json\/wp\/v2\/comments?post=281"}],"version-history":[{"count":5,"href":"https:\/\/mynavegante.care\/es\/wp-json\/wp\/v2\/pages\/281\/revisions"}],"predecessor-version":[{"id":823,"href":"https:\/\/mynavegante.care\/es\/wp-json\/wp\/v2\/pages\/281\/revisions\/823"}],"wp:attachment":[{"href":"https:\/\/mynavegante.care\/es\/wp-json\/wp\/v2\/media?parent=281"}],"curies":[{"name":"wp","href":"https:\/\/api.w.org\/{rel}","templated":true}]}}