{"id":285,"date":"2023-06-13T06:09:44","date_gmt":"2023-06-12T20:09:44","guid":{"rendered":"http:\/\/my.navegante.care\/legal\/"},"modified":"2023-09-28T21:43:25","modified_gmt":"2023-09-28T11:43:25","slug":"legal","status":"publish","type":"page","link":"https:\/\/mynavegante.care\/es\/legal\/","title":{"rendered":"Legal"},"content":{"rendered":"<p>[et_pb_section fb_built=&#8221;1&#8243; _builder_version=&#8221;4.21.0&#8243; _module_preset=&#8221;default&#8221; background_color=&#8221;#1E65D2&#8243; global_colors_info=&#8221;{}&#8221;][et_pb_row _builder_version=&#8221;4.21.0&#8243; _module_preset=&#8221;default&#8221; global_colors_info=&#8221;{}&#8221;][et_pb_column type=&#8221;4_4&#8243; _builder_version=&#8221;4.21.0&#8243; _module_preset=&#8221;default&#8221; global_colors_info=&#8221;{}&#8221;][et_pb_text _builder_version=&#8221;4.21.0&#8243; _module_preset=&#8221;default&#8221; header_font=&#8221;|800|||||||&#8221; header_text_align=&#8221;center&#8221; header_text_color=&#8221;#FFFFFF&#8221; header_font_size=&#8221;38px&#8221; global_colors_info=&#8221;{}&#8221;]<\/p>\n<h1>Condiciones de uso<\/h1>\n<p>[\/et_pb_text][\/et_pb_column][\/et_pb_row][\/et_pb_section][et_pb_section fb_built=&#8221;1&#8243; _builder_version=&#8221;4.21.0&#8243; _module_preset=&#8221;default&#8221; global_colors_info=&#8221;{}&#8221;][et_pb_row _builder_version=&#8221;4.21.0&#8243; _module_preset=&#8221;default&#8221; global_colors_info=&#8221;{}&#8221;][et_pb_column type=&#8221;4_4&#8243; _builder_version=&#8221;4.21.0&#8243; _module_preset=&#8221;default&#8221; global_colors_info=&#8221;{}&#8221;][et_pb_text _builder_version=&#8221;4.21.0&#8243; _module_preset=&#8221;default&#8221; global_colors_info=&#8221;{}&#8221;]<\/p>\n<div>\n<h2><span>1.<\/span><span> <\/span><span>Aceptaci\u00f3n de las condiciones<\/span><\/h2>\n<ul>\n<li><span>Flame3 Software Pty Ltd comercializando como Navegante (&#8220;Navegante&#8221;, &#8220;nosotros&#8221;, &#8220;nos&#8221;, &#8220;nuestro&#8221;) posee y opera el sitio web http:\/\/my.navegante.care\/ y todos los dem\u00e1s servicios relacionados con NAVEGANTE, incluyendo sitios web y aplicaciones ofrecidas a trav\u00e9s de nuestras plataformas NAVEGANTE (colectivamente, nuestros &#8220;Servicios&#8221;).  <\/span><\/li>\n<li><span><strong>Aceptaci\u00f3n:<\/strong> Su acceso y uso de nuestros Servicios se rige por las siguientes condiciones de uso y la Pol\u00edtica de Privacidad de Navegante (conjuntamente, las &#8220;Condiciones&#8221;). Lea atentamente las Condiciones. Al acceder y utilizar nuestros Servicios, usted acepta quedar vinculado por las Condiciones. Si no est\u00e1 de acuerdo con alguna de estas condiciones y no desea quedar vinculado por ellas, no utilice nuestros Servicios.  <\/span><\/li>\n<li><span><strong>Condiciones adicionales:<\/strong> Es posible que se le solicite que acepte t\u00e9rminos y condiciones adicionales para Servicios particulares que podamos poner a su disposici\u00f3n de vez en cuando y le proporcionaremos cualquier t\u00e9rmino y condici\u00f3n adicional antes de poder acceder a esos Servicios particulares. Dichas condiciones adicionales deber\u00e1n leerse conjuntamente con las presentes Condiciones. En caso de discrepancia entre las presentes Condiciones Generales y las condiciones adicionales aplicables a determinados Servicios, prevalecer\u00e1n las condiciones adicionales en relaci\u00f3n con dichos Servicios.<\/span><\/li>\n<li><span><strong>Modificaciones:<\/strong> Estos T\u00e9rminos pueden ser revisados de vez en cuando a nuestra entera discreci\u00f3n. Debe comprobar peri\u00f3dicamente que ha le\u00eddo y comprendido las \u00faltimas versiones de nuestras Condiciones, ya que si sigue utilizando nuestros Servicios considerar\u00e1 que acepta cualquier cambio. Si le hemos proporcionado t\u00e9rminos y condiciones adicionales para Servicios particulares, de vez en cuando, a nuestra discreci\u00f3n, podemos actualizar y proporcionarle t\u00e9rminos y condiciones actualizados. Cuando esto ocurra, le pediremos que acepte los t\u00e9rminos y condiciones actualizados y, si no los acepta, es posible que ya no pueda acceder a los Servicios concretos.  <\/span><\/li>\n<li><span><strong>Requisitos:<\/strong> Al aceptar estas Condiciones y acceder a nuestros Servicios, usted confirma ser mayor de 18 a\u00f1os y, por lo tanto, elegible para dar su consentimiento expl\u00edcito. Si es menor de 18 a\u00f1os, deber\u00e1 contar con el permiso de sus padres o tutores legales para aceptar las Condiciones y acceder a nuestros Servicios.<\/span><\/li>\n<\/ul>\n<\/div>\n<p>[\/et_pb_text][et_pb_text _builder_version=&#8221;4.21.0&#8243; _module_preset=&#8221;default&#8221; global_colors_info=&#8221;{}&#8221;]<\/p>\n<h2><span>2.<\/span><span> <\/span><span>Derechos de propiedad intelectual<\/span><\/h2>\n<ul>\n<li><span><strong>IP existente:<\/strong>  Usted reconoce y acepta que todo el material de nuestros Servicios, incluyendo texto, gr\u00e1ficos, marcas comerciales, im\u00e1genes, v\u00eddeos, c\u00f3digo fuente, dise\u00f1o, presentaci\u00f3n, experiencia, &#8220;look and feel&#8221; y cualquier otra funcionalidad o informaci\u00f3n a trav\u00e9s de nuestros Servicios (colectivamente, el &#8220;Contenido&#8221;) es propiedad de Navegante y est\u00e1 sujeto a derechos de autor y otros derechos de propiedad intelectual. Usted se compromete a no copiar, reproducir, volver a publicar, cargar, transmitir, distribuir, almacenar o modificar el Contenido de ninguna forma sin el consentimiento previo por escrito de Navegante. Si desea utilizar cualquier parte del Contenido de alguna de las formas descritas, p\u00f3ngase en contacto con nosotros a trav\u00e9s de los datos de contacto que figuran en la secci\u00f3n C\u00f3mo ponerse en contacto con nosotros.<\/span><\/li>\n<li><span><strong>Contenido del usuario:<\/strong> Usted puede proporcionarnos datos a trav\u00e9s de nuestros Servicios, como datos que se refieren a usted, pacientes, empleados, su organizaci\u00f3n u otros terceros (colectivamente &#8220;Contenido de Usuario&#8221;). Al proporcionarnos Contenido de usuario, usted declara y garantiza que posee todos los derechos, t\u00edtulos e intereses sobre los datos, incluidos, entre otros, los derechos de autor, las marcas comerciales y los derechos de publicidad que contengan, o que ha obtenido todos los permisos necesarios para proporcionar dichos datos. Adem\u00e1s, usted declara y garantiza que ha realizado todas las divulgaciones y obtenido todos los permisos necesarios para que nuestros Servicios puedan acceder y procesar el Contenido del usuario de conformidad con lo exigido por todas las leyes aplicables, incluidas, entre otras, las leyes que se aplican a la privacidad, la informaci\u00f3n personal sobre salud y la propiedad intelectual. Usted y los particulares mantendr\u00e1n la propiedad de todos los Contenidos de Usuario. Sin embargo, al proporcionar el Contenido del usuario, usted acepta concedernos una licencia libre de regal\u00edas, perpetua, transferible y sublicenciable sin restricciones geogr\u00e1ficas ni de otro tipo, para acceder, utilizar, procesar, copiar, cargar, transmitir, distribuir, almacenar y modificar el Contenido del usuario seg\u00fan sea razonablemente necesario para proporcionar, mantener, actualizar o mejorar nuestros Servicios. No explotaremos en modo alguno la informaci\u00f3n personal identificable, ni la compartiremos con terceros salvo que se acuerde por escrito o lo exija la ley.  <\/span><\/li>\n<li><span><strong>Nueva PI:<\/strong> Al utilizar nuestros Servicios puede crearse nueva PI, en general su propiedad y licencia seguir\u00e1n estos principios:<\/span>\n<ul>\n<li>Si la nueva propiedad intelectual requiere nuestros Servicios (es decir, nuestra Plataforma NAVEGANTE), como cualquier mejora o adici\u00f3n de nuevas funciones a su Plataforma NAVEGANTE que pueda ser aplicable a nuestros otros clientes, la propiedad y la licencia nos pertenecen, salvo que se acuerde lo contrario por escrito. No obstante, le concederemos una licencia libre de regal\u00edas, perpetua e intransferible para utilizar dicha propiedad intelectual con fines no comerciales, incluido el uso en la prestaci\u00f3n de asistencia, la investigaci\u00f3n, la ense\u00f1anza y la elaboraci\u00f3n de pol\u00edticas, dentro del \u00e1mbito de cualquier acuerdo que mantenga con nosotros.<\/li>\n<li>Si la nueva PI no requiere nuestros Servicios, como por ejemplo la nueva PI que se relaciona con o es el resultado del an\u00e1lisis de sus datos, especialmente la informaci\u00f3n cl\u00ednica, administrativa y financiera, su propiedad puede pertenecerle o puede serle cedida, siempre que usted cubra la totalidad de los costes de generaci\u00f3n de dicha PI. En estas circunstancias, usted acepta concedernos una licencia libre de regal\u00edas, perpetua, transferible y sublicenciable para utilizar comercialmente la propiedad intelectual sin restricciones geogr\u00e1ficas o de otro tipo.<\/li>\n<\/ul>\n<\/li>\n<\/ul>\n<div><span>En caso de incertidumbre o desacuerdo sobre la titularidad y la licencia de la nueva PI, usted se compromete a no utilizar dicha PI con fines comerciales hasta que ambas partes lleguen a un acuerdo por escrito que le permita hacerlo.  <\/span><\/div>\n<p>[\/et_pb_text][et_pb_text _builder_version=&#8221;4.21.0&#8243; _module_preset=&#8221;default&#8221; global_colors_info=&#8221;{}&#8221;]<\/p>\n<div>\n<h2><span>3.<\/span><span> <\/span><span>Uso de nuestros servicios y contenidos<\/span><\/h2>\n<ul>\n<li><span><strong>Uso indebido:<\/strong> Al acceder y utilizar nuestros Servicios, usted se compromete a no realizar ninguna acci\u00f3n que pueda causar molestias, interrupciones u ofensas indebidas a Navegante y a sus usuarios, o que pueda perturbar el funcionamiento, la disponibilidad o la seguridad de nuestros Servicios. No debe introducir virus, software malicioso, c\u00f3digo malicioso o cualquier otro material tecnol\u00f3gicamente perjudicial para los Servicios. No debe copiar, almacenar, transmitir o utilizar nuestros Servicios de ninguna forma que est\u00e9 relacionada con actividades tecnol\u00f3gicamente perjudiciales. No debe intentar obtener acceso no autorizado a los Servicios o a nuestros sistemas de ninguna manera. S\u00f3lo podr\u00e1 utilizar los Servicios en la forma permitida por la ley, lo que significa que no deber\u00e1 realizar ninguna acci\u00f3n que se considere il\u00edcita, ilegal o fraudulenta, y podremos suspender o dejar de proporcionarle acceso en cualquier momento si no cumple estas Condiciones. El uso ilegal de los Servicios ser\u00e1 denunciado a las autoridades policiales pertinentes y cualquier informaci\u00f3n recopilada sobre usted ser\u00e1 compartida con dichas autoridades.  <\/span><\/li>\n<li><span><strong>Modificaci\u00f3n del contenido:<\/strong> Actualizamos y modificamos continuamente nuestros Servicios para mejorar su funcionalidad y atender mejor a nuestros usuarios. Al utilizar nuestros Servicios, usted acepta que Navegante tiene derecho a a\u00f1adir, suspender o eliminar cualquier Contenido o funcionalidad en cualquier momento.  <\/span><\/li>\n<li><span><strong>Eliminaci\u00f3n de Contenidos:<\/strong> Si desea que alg\u00fan Contenido sea eliminado de nuestros Servicios, p\u00f3ngase en contacto con nosotros utilizando la informaci\u00f3n de contacto establecida en la secci\u00f3n C\u00f3mo ponerse en contacto con nosotros que figura m\u00e1s abajo, y facil\u00edtenos los detalles del Contenido junto con su razonamiento para su eliminaci\u00f3n.<\/span><\/li>\n<\/ul>\n<\/div>\n<p>[\/et_pb_text][et_pb_text _builder_version=&#8221;4.21.0&#8243; _module_preset=&#8221;default&#8221; global_colors_info=&#8221;{}&#8221;]<\/p>\n<div>\n<h2><span>4.<\/span><span> <\/span><span>4. Terceros<\/span><\/h2>\n<ul>\n<li><span>Nuestros Servicios pueden contener enlaces o material de terceros que no sean propiedad de Navegante y\/o publicidad no relacionada con Navegante (colectivamente, &#8220;contenido de terceros&#8221;). Cualquier contenido de terceros, incluidos los sitios web enlazados de terceros, que aparezca en nuestros Servicios no est\u00e1 preparado ni controlado por Navegante; se proporciona \u00fanicamente por conveniencia y no implica que Navegante compruebe, respalde, apruebe, investigue o est\u00e9 de acuerdo con el sitio web o el material de terceros. Si visita un sitio web enlazado o se pone en contacto con un anunciante, ese trato ser\u00e1 exclusivamente entre usted y ese otro sitio web, anunciante o parte por su cuenta y riesgo. En la medida en que la ley lo permita, Navegante declina toda responsabilidad en relaci\u00f3n con el uso de sitios web o servicios de terceros a los que nuestros Servicios enlacen, a menos que indiquemos espec\u00edficamente lo contrario.  <\/span><\/li>\n<\/ul>\n<\/div>\n<p>[\/et_pb_text][et_pb_text _builder_version=&#8221;4.21.0&#8243; _module_preset=&#8221;default&#8221; global_colors_info=&#8221;{}&#8221;]<\/p>\n<div>\n<h2><span>5.<\/span><span> <\/span><span>Responsabilidad<\/span><\/h2>\n<ul>\n<li><span><strong>Limitaci\u00f3n de responsabilidad:<\/strong> En la m\u00e1xima medida permitida por la ley:  <\/span>\n<ul>\n<li><span>Quedan excluidas todas las garant\u00edas, declaraciones y garant\u00edas (ya sean expresas, impl\u00edcitas o legales), incluidas, entre otras, la idoneidad, la calidad satisfactoria, la adecuaci\u00f3n a un fin, la compatibilidad, la no infracci\u00f3n, la exactitud, la seguridad o la integridad de un Servicio o de su Contenido; y<\/span><\/li>\n<li><span>Navegante no ser\u00e1 responsable de ning\u00fan da\u00f1o, p\u00e9rdida o gasto, o p\u00e9rdidas indirectas o da\u00f1os consecuentes de cualquier tipo, sufridos o incurridos por usted en relaci\u00f3n con su uso y acceso a nuestros Servicios.<\/span><\/li>\n<\/ul>\n<\/li>\n<li><span><strong>Contenido:<\/strong> Aunque Navegante hace todo lo posible por mantener todos los Servicios y el Contenido de nuestros Servicios lo m\u00e1s actualizados y precisos posible, no ofrecemos ninguna garant\u00eda sobre su exactitud, integridad, disponibilidad, puntualidad o fiabilidad. Navegante tampoco ofrece garant\u00edas de que los Servicios y Contenidos sean siempre seguros, est\u00e9n protegidos o libres de errores, o de que funcionen sin interrupciones, retrasos o imperfecciones.  <\/span><\/li>\n<li><span><strong>Informaci\u00f3n no asesoramiento profesional:<\/strong> Nuestros Servicios pueden contener informaci\u00f3n general relacionada con afecciones m\u00e9dicas y f\u00edsicas, tratamientos o cuestiones de salud p\u00fablica o privada. La informaci\u00f3n proporcionada a trav\u00e9s de nuestros Servicios no pretende ni implica en modo alguno servir de asesoramiento m\u00e9dico o profesional y, por lo tanto, no debe inhibir ni utilizarse en sustituci\u00f3n de la prestaci\u00f3n adecuada y oportuna de asesoramiento o servicios m\u00e9dicos o profesionales de la salud por parte de un profesional sanitario cualificado. Usted reconoce que es el \u00fanico responsable de garantizar su salud y bienestar consultando a un profesional sanitario cualificado para cualquier duda que pueda tener. No debe hacer caso omiso del asesoramiento profesional ni demorarse en la b\u00fasqueda de asesoramiento o tratamiento bas\u00e1ndose en la informaci\u00f3n contenida en nuestros Servicios o en la de un tercero que aparezca en nuestros Servicios.  <\/span><\/li>\n<\/ul>\n<\/div>\n<p>[\/et_pb_text][et_pb_text _builder_version=&#8221;4.21.0&#8243; _module_preset=&#8221;default&#8221; global_colors_info=&#8221;{}&#8221;]<\/p>\n<div>\n<h2><span>6.<\/span><span> <\/span><span>Su informaci\u00f3n<\/span><\/h2>\n<ul>\n<li><span><strong>Sus datos:<\/strong> A los efectos de estas Condiciones, &#8220;su informaci\u00f3n&#8221; significa cualquier informaci\u00f3n que se refiera a usted y que se recopile a trav\u00e9s de nuestros Servicios directamente de usted o indirectamente de su proveedor de servicios sanitarios, incluida cualquier informaci\u00f3n tecnol\u00f3gica recopilada autom\u00e1ticamente de sus dispositivos.  <\/span><\/li>\n<li><span><strong>Recogida de informaci\u00f3n:<\/strong> Al acceder a nuestros Servicios podemos recopilar informaci\u00f3n personal sobre usted y procesar los datos de acuerdo con nuestra Pol\u00edtica de Privacidad. Al acceder y utilizar nuestros Servicios, usted acepta estas Condiciones.<\/span><\/li>\n<li><span><strong>Transmisi\u00f3n de informaci\u00f3n:<\/strong> Ninguna transmisi\u00f3n de datos por Internet puede garantizarse como totalmente segura. Aunque nos esforzamos por proteger dicha informaci\u00f3n, no garantizamos ni podemos asegurar la seguridad de la informaci\u00f3n que nos transmita. En consecuencia, si decide proporcionar informaci\u00f3n (como datos personales) a trav\u00e9s de los Servicios, lo hace por su cuenta y riesgo. Si desea m\u00e1s informaci\u00f3n sobre la seguridad de sus datos en nuestros sistemas, consulte la siguiente informaci\u00f3n.  <\/span><\/li>\n<li><span><strong>Suministro de informaci\u00f3n personal:<\/strong> Si proporciona informaci\u00f3n personal a trav\u00e9s de nuestros Servicios, se compromete a proporcionar \u00fanicamente informaci\u00f3n que le pertenezca, a menos que cuente con la autorizaci\u00f3n de la persona en cuesti\u00f3n. Usted se compromete a facilitar informaci\u00f3n exacta, actual, completa y pertinente, que no induzca a error. Si en alg\u00fan momento la informaci\u00f3n personal que nos ha proporcionado deja de cumplir las especificaciones descritas, usted reconoce su responsabilidad de solicitar la correcci\u00f3n de la informaci\u00f3n que poseemos poni\u00e9ndose en contacto con nosotros utilizando la informaci\u00f3n de contacto establecida en la secci\u00f3n C\u00f3mo ponerse en contacto con nosotros que figura a continuaci\u00f3n.<\/span><\/li>\n<\/ul>\n<\/div>\n<p>[\/et_pb_text][et_pb_text _builder_version=&#8221;4.21.0&#8243; _module_preset=&#8221;default&#8221; global_colors_info=&#8221;{}&#8221;]<\/p>\n<div>\n<h2><span>7.<\/span><span> <\/span><span>Terminaci\u00f3n o suspensi\u00f3n del acceso<\/span><\/h2>\n<ul>\n<li><span><strong>Nuestras operaciones:<\/strong> De vez en cuando, a nuestra discreci\u00f3n, podemos suspender su acceso a nuestros Servicios por cualquiera de las siguientes razones:<\/span>\n<ul>\n<li><span>llevar a cabo los servicios de mantenimiento que consideremos necesarios para el correcto funcionamiento de nuestros Servicios;<\/span><\/li>\n<li><span>para llevar a cabo modificaciones o actualizaciones de nuestros Servicios;<\/span><\/li>\n<li><span>en caso de violaci\u00f3n de la seguridad o por cualquier motivo en el que consideremos que suspender el acceso es necesario para preservar los datos y su integridad; o  <\/span><\/li>\n<li><span>si nuestros servidores, incluidos los ordenadores de servicio, el hardware y los sistemas operativos necesarios para operar y dar soporte a nuestros Servicios, funcionan incorrectamente.<\/span><\/li>\n<\/ul>\n<\/li>\n<\/ul>\n<div><span>Si se suspende su acceso a nuestros Servicios por alguno de estos motivos, esta suspensi\u00f3n se mantendr\u00e1 hasta que se haya llevado a cabo la acci\u00f3n, se haya rectificado el problema o incumplimiento o hasta que las partes acuerden otra cosa por escrito.  <\/span><\/div>\n<\/div>\n<div>\n<ul>\n<li><span><strong>Su uso:<\/strong>  Tambi\u00e9n nos reservamos el derecho de terminar o suspender su acceso a nuestros Servicios indefinidamente y sin reembolso o compensaci\u00f3n, en cualquier momento si creemos razonablemente que est\u00e1 utilizando, tiene intenci\u00f3n de utilizar o ha utilizado nuestros Servicios de una manera que consideremos razonablemente inapropiada o que infrinja estos T\u00e9rminos o cualquier t\u00e9rmino y condici\u00f3n adicional suscrito por usted con Navegante. Si se suspende su acceso por estos motivos, esta suspensi\u00f3n se mantendr\u00e1 hasta que se resuelva el asunto con acuerdo por escrito entre las partes.  <\/span><\/li>\n<li><span><strong>Sin responsabilidad:<\/strong>  No seremos responsables ante usted, sus afiliados o cualquier tercero por cualquier da\u00f1o, p\u00e9rdida o gasto, o p\u00e9rdidas indirectas o da\u00f1os consecuentes de cualquier tipo, sufridos o incurridos por usted como resultado de nuestra suspensi\u00f3n o terminaci\u00f3n de su acceso a nuestros Servicios por las razones aqu\u00ed expuestas, dado que las hemos determinado sobre una base razonable.<\/span><\/li>\n<\/ul>\n<\/div>\n<p>[\/et_pb_text][et_pb_text _builder_version=&#8221;4.21.0&#8243; _module_preset=&#8221;default&#8221; global_colors_info=&#8221;{}&#8221;]<\/p>\n<div>\n<h2><span>8.<\/span><span> <\/span><span>Seguridad<\/span><\/h2>\n<ul>\n<li><span><strong>Su dispositivo:<\/strong> Usted es enteramente responsable de la seguridad de su propio dispositivo personal y de otros dispositivos conectados a Internet (por ejemplo, ordenador port\u00e1til, m\u00f3vil o tableta). Le sugerimos que tome medidas para proteger sus dispositivos de virus y otras amenazas a la seguridad.  <\/span><\/li>\n<li><span><strong>Contrase\u00f1as:<\/strong> Ciertos Servicios que podemos proporcionarle pueden requerir que tenga un nombre de usuario y una contrase\u00f1a para acceder a ellos. La contrase\u00f1a que elija no debe estar relacionada con ning\u00fan dato f\u00e1cilmente accesible, como su nombre, fecha de nacimiento, direcci\u00f3n, n\u00famero de tel\u00e9fono, carn\u00e9 de conducir o pasaporte. Tampoco debe ser una combinaci\u00f3n obvia de letras y n\u00fameros, incluyendo n\u00fameros secuenciales o iguales. Usted es enteramente responsable de mantener la seguridad de su nombre de usuario y contrase\u00f1a y de toda actividad que ocurra en o a trav\u00e9s de sus credenciales de usuario, ya sea autorizada o no. Si cree que una persona no autorizada conoce su contrase\u00f1a o tiene acceso no autorizado a su cuenta, debe notific\u00e1rnoslo inmediatamente y cambiar su contrase\u00f1a lo antes posible. Navegante no tendr\u00e1 ninguna responsabilidad por el incumplimiento de estas obligaciones.  <\/span><\/li>\n<li><span><strong>Nuestros sistemas:<\/strong> Como parte de nuestro cumplimiento, aplicamos pr\u00e1cticas de seguridad de datos rigurosas y adecuadas para evitar el acceso, uso, divulgaci\u00f3n, alteraci\u00f3n o eliminaci\u00f3n no autorizados de toda la informaci\u00f3n almacenada en nuestros sistemas. No obstante, en virtud de las presentes Condiciones, usted reconoce que ning\u00fan esfuerzo de este tipo puede garantizar por completo la seguridad de los datos almacenados y que las violaciones de la seguridad siguen siendo posibles tanto en nuestros sistemas como en los de terceros (por ejemplo, proveedores de servicios de Internet y de servicios de alojamiento). Usted acepta que no garantizamos ni aseguramos la integridad y seguridad de los datos almacenados en nuestros sistemas o en los de terceros, incluida, sin limitaci\u00f3n, su informaci\u00f3n.<\/span><\/li>\n<\/ul>\n<\/div>\n<p>[\/et_pb_text][et_pb_text _builder_version=&#8221;4.21.0&#8243; _module_preset=&#8221;default&#8221; global_colors_info=&#8221;{}&#8221;]<\/p>\n<div>\n<h2><span>9.<\/span><span> <\/span><span>Derecho aplicable<\/span><\/h2>\n<div><span><strong>Australia:<\/strong> Estas Condiciones se regir\u00e1n e interpretar\u00e1n de acuerdo con las leyes de Australia y los tribunales de Australia tendr\u00e1n jurisdicci\u00f3n no exclusiva en relaci\u00f3n con cualquier asunto o disputa relacionada con estas Condiciones.  <\/span><\/div>\n<p>&nbsp;<\/p>\n<h2><span>C\u00f3mo ponerse en contacto con nosotros<\/span><\/h2>\n<div><span>Si tiene alguna pregunta o duda sobre estas Condiciones, p\u00f3ngase en contacto con nosotros utilizando la siguiente informaci\u00f3n de contacto.<\/span><\/div>\n<p>&nbsp;<\/p>\n<div><span>Correo electr\u00f3nico: <strong>support@catador.tech<\/strong><\/span><\/div>\n<\/div>\n<p>[\/et_pb_text][\/et_pb_column][\/et_pb_row][\/et_pb_section]<\/p>\n","protected":false},"excerpt":{"rendered":"<p>Condiciones de uso 1. Aceptaci\u00f3n de las condiciones Flame3 Software Pty Ltd comercializando como Navegante (&#8220;Navegante&#8221;, &#8220;nosotros&#8221;, &#8220;nos&#8221;, &#8220;nuestro&#8221;) posee y opera el sitio web http:\/\/my.navegante.care\/ y todos los dem\u00e1s servicios relacionados con NAVEGANTE, incluyendo sitios web y aplicaciones ofrecidas a trav\u00e9s de nuestras plataformas NAVEGANTE (colectivamente, nuestros &#8220;Servicios&#8221;). Aceptaci\u00f3n: Su acceso y uso de [&hellip;]<\/p>\n","protected":false},"author":1,"featured_media":0,"parent":0,"menu_order":0,"comment_status":"closed","ping_status":"closed","template":"","meta":{"_et_pb_use_builder":"on","_et_pb_old_content":"","_et_gb_content_width":"","content-type":"","footnotes":""},"_links":{"self":[{"href":"https:\/\/mynavegante.care\/es\/wp-json\/wp\/v2\/pages\/285"}],"collection":[{"href":"https:\/\/mynavegante.care\/es\/wp-json\/wp\/v2\/pages"}],"about":[{"href":"https:\/\/mynavegante.care\/es\/wp-json\/wp\/v2\/types\/page"}],"author":[{"embeddable":true,"href":"https:\/\/mynavegante.care\/es\/wp-json\/wp\/v2\/users\/1"}],"replies":[{"embeddable":true,"href":"https:\/\/mynavegante.care\/es\/wp-json\/wp\/v2\/comments?post=285"}],"version-history":[{"count":3,"href":"https:\/\/mynavegante.care\/es\/wp-json\/wp\/v2\/pages\/285\/revisions"}],"predecessor-version":[{"id":811,"href":"https:\/\/mynavegante.care\/es\/wp-json\/wp\/v2\/pages\/285\/revisions\/811"}],"wp:attachment":[{"href":"https:\/\/mynavegante.care\/es\/wp-json\/wp\/v2\/media?parent=285"}],"curies":[{"name":"wp","href":"https:\/\/api.w.org\/{rel}","templated":true}]}}